{"id":4911,"date":"2025-04-03T12:53:10","date_gmt":"2025-04-03T12:53:10","guid":{"rendered":"https:\/\/fiveinfinitum.com\/informacion-legal\/"},"modified":"2025-04-16T09:49:30","modified_gmt":"2025-04-16T09:49:30","slug":"informacion-legal","status":"publish","type":"page","link":"https:\/\/fiveinfinitum.com\/es\/informacion-legal\/","title":{"rendered":"Informaci\u00f3n legal"},"content":{"rendered":"\t\t<div data-elementor-type=\"wp-page\" data-elementor-id=\"4911\" class=\"elementor elementor-4911 elementor-4234\" data-elementor-post-type=\"page\">\n\t\t\t\t<div class=\"elementor-element elementor-element-4d52d65c e-flex e-con-boxed e-con e-parent\" data-id=\"4d52d65c\" data-element_type=\"container\" data-e-type=\"container\" data-settings=\"{&quot;background_background&quot;:&quot;classic&quot;}\">\n\t\t\t\t\t<div class=\"e-con-inner\">\n\t\t\t\t<div class=\"elementor-element elementor-element-4e9a3123 elementor-widget elementor-widget-heading\" data-id=\"4e9a3123\" data-element_type=\"widget\" data-e-type=\"widget\" data-widget_type=\"heading.default\">\n\t\t\t\t<div class=\"elementor-widget-container\">\n\t\t\t\t\t<h1 class=\"elementor-heading-title elementor-size-default\">Informaci\u00f3n legal<\/h1>\t\t\t\t<\/div>\n\t\t\t\t<\/div>\n\t\t\t\t\t<\/div>\n\t\t\t\t<\/div>\n\t\t<div class=\"elementor-element elementor-element-02b534d e-con-full e-flex e-con e-parent\" data-id=\"02b534d\" data-element_type=\"container\" data-e-type=\"container\">\n\t\t<div class=\"elementor-element elementor-element-d0d342d e-flex e-con-boxed e-con e-child\" data-id=\"d0d342d\" data-element_type=\"container\" data-e-type=\"container\">\n\t\t\t\t\t<div class=\"e-con-inner\">\n\t\t\t\t<div class=\"elementor-element elementor-element-2320727 elementor-widget elementor-widget-heading\" data-id=\"2320727\" data-element_type=\"widget\" data-e-type=\"widget\" data-widget_type=\"heading.default\">\n\t\t\t\t<div class=\"elementor-widget-container\">\n\t\t\t\t\t<h5 class=\"elementor-heading-title elementor-size-default\">Aviso legal<\/h5>\t\t\t\t<\/div>\n\t\t\t\t<\/div>\n\t\t\t\t<div class=\"elementor-element elementor-element-b102751 elementor-widget elementor-widget-text-editor\" data-id=\"b102751\" data-element_type=\"widget\" data-e-type=\"widget\" data-widget_type=\"text-editor.default\">\n\t\t\t\t<div class=\"elementor-widget-container\">\n\t\t\t\t\t\t\t\t\t<p>Five Infinitum es una empresa registrada en [Datos de registro de la empresa], con sede en [Direcci\u00f3n de la empresa]. Al acceder y utilizar este sitio web, usted acepta cumplir nuestras condiciones de uso y todas las leyes y reglamentos aplicables.<\/p>\t\t\t\t\t\t\t\t<\/div>\n\t\t\t\t<\/div>\n\t\t\t\t\t<\/div>\n\t\t\t\t<\/div>\n\t\t<div class=\"elementor-element elementor-element-df8ec86 e-flex e-con-boxed e-con e-child\" data-id=\"df8ec86\" data-element_type=\"container\" data-e-type=\"container\">\n\t\t\t\t\t<div class=\"e-con-inner\">\n\t\t\t\t<div class=\"elementor-element elementor-element-74cab05 elementor-widget elementor-widget-heading\" data-id=\"74cab05\" data-element_type=\"widget\" data-e-type=\"widget\" data-widget_type=\"heading.default\">\n\t\t\t\t<div class=\"elementor-widget-container\">\n\t\t\t\t\t<h5 class=\"elementor-heading-title elementor-size-default\">Pol\u00edtica de privacidad<\/h5>\t\t\t\t<\/div>\n\t\t\t\t<\/div>\n\t\t\t\t<div class=\"elementor-element elementor-element-4ebaa7c elementor-widget elementor-widget-text-editor\" data-id=\"4ebaa7c\" data-element_type=\"widget\" data-e-type=\"widget\" data-widget_type=\"text-editor.default\">\n\t\t\t\t<div class=\"elementor-widget-container\">\n\t\t\t\t\t\t\t\t\t<p>Nos comprometemos a proteger sus datos personales. Nuestra pol\u00edtica de privacidad explica c\u00f3mo recopilamos, utilizamos y salvaguardamos su informaci\u00f3n de acuerdo con las leyes de protecci\u00f3n de datos. Para obtener m\u00e1s informaci\u00f3n, visite nuestra p\u00e1gina [Pol\u00edtica de privacidad].<\/p>\t\t\t\t\t\t\t\t<\/div>\n\t\t\t\t<\/div>\n\t\t\t\t\t<\/div>\n\t\t\t\t<\/div>\n\t\t<div class=\"elementor-element elementor-element-c9fc69a e-flex e-con-boxed e-con e-child\" data-id=\"c9fc69a\" data-element_type=\"container\" data-e-type=\"container\">\n\t\t\t\t\t<div class=\"e-con-inner\">\n\t\t\t\t<div class=\"elementor-element elementor-element-c73f6ab elementor-widget elementor-widget-heading\" data-id=\"c73f6ab\" data-element_type=\"widget\" data-e-type=\"widget\" data-widget_type=\"heading.default\">\n\t\t\t\t<div class=\"elementor-widget-container\">\n\t\t\t\t\t<h5 class=\"elementor-heading-title elementor-size-default\">Pol\u00edtica de cookies<\/h5>\t\t\t\t<\/div>\n\t\t\t\t<\/div>\n\t\t\t\t<div class=\"elementor-element elementor-element-9674f73 elementor-widget elementor-widget-text-editor\" data-id=\"9674f73\" data-element_type=\"widget\" data-e-type=\"widget\" data-widget_type=\"text-editor.default\">\n\t\t\t\t<div class=\"elementor-widget-container\">\n\t\t\t\t\t\t\t\t\t<p>Nuestro sitio web utiliza cookies para mejorar la experiencia del usuario y analizar el tr\u00e1fico del sitio web. Puede gestionar sus preferencias de cookies en cualquier momento. Para m\u00e1s detalles, lea nuestra [Pol\u00edtica de cookies].<\/p>\t\t\t\t\t\t\t\t<\/div>\n\t\t\t\t<\/div>\n\t\t\t\t\t<\/div>\n\t\t\t\t<\/div>\n\t\t<div class=\"elementor-element elementor-element-c8cf08a e-flex e-con-boxed e-con e-child\" data-id=\"c8cf08a\" data-element_type=\"container\" data-e-type=\"container\">\n\t\t\t\t\t<div class=\"e-con-inner\">\n\t\t\t\t<div class=\"elementor-element elementor-element-a85af8d elementor-widget elementor-widget-heading\" data-id=\"a85af8d\" data-element_type=\"widget\" data-e-type=\"widget\" data-widget_type=\"heading.default\">\n\t\t\t\t<div class=\"elementor-widget-container\">\n\t\t\t\t\t<h5 class=\"elementor-heading-title elementor-size-default\">Pol\u00edtica de seguridad de la informaci\u00f3n<\/h5>\t\t\t\t<\/div>\n\t\t\t\t<\/div>\n\t\t\t\t<div class=\"elementor-element elementor-element-354678a elementor-widget elementor-widget-text-editor\" data-id=\"354678a\" data-element_type=\"widget\" data-e-type=\"widget\" data-widget_type=\"text-editor.default\">\n\t\t\t\t<div class=\"elementor-widget-container\">\n\t\t\t\t\t\t\t\t\t<p>Damos prioridad a la seguridad de nuestra infraestructura digital y a la protecci\u00f3n de la informaci\u00f3n sensible. Nuestra pol\u00edtica de seguridad de la informaci\u00f3n describe nuestras medidas para garantizar la confidencialidad, integridad y disponibilidad de los datos.<br>Si tiene alguna pregunta o necesita m\u00e1s informaci\u00f3n sobre nuestras pol\u00edticas legales, p\u00f3ngase en contacto con nosotros en [email address].<\/p>\t\t\t\t\t\t\t\t<\/div>\n\t\t\t\t<\/div>\n\t\t\t\t\t<\/div>\n\t\t\t\t<\/div>\n\t\t\t\t<\/div>\n\t\t\t\t<\/div>\n\t\t","protected":false},"excerpt":{"rendered":"<p>Informaci\u00f3n legal Aviso legal Five Infinitum es una empresa registrada en [Datos de registro de la empresa], con sede en [Direcci\u00f3n de la empresa]. Al acceder y utilizar este sitio web, usted acepta cumplir nuestras condiciones de uso y todas las leyes y reglamentos aplicables. Pol\u00edtica de privacidad Nos comprometemos a proteger sus datos personales. [&hellip;]<\/p>\n","protected":false},"author":2,"featured_media":4842,"parent":0,"menu_order":0,"comment_status":"closed","ping_status":"closed","template":"","meta":{"_acf_changed":false,"footnotes":""},"class_list":["post-4911","page","type-page","status-publish","has-post-thumbnail","hentry"],"acf":[],"yoast_head":"<!-- This site is optimized with the Yoast SEO plugin v27.5 - https:\/\/yoast.com\/product\/yoast-seo-wordpress\/ -->\n<title>FiveInfinitum | Informaci\u00f3n legal<\/title>\n<meta name=\"description\" content=\"Informaci\u00f3n legal Aviso legal Five Infinitum es una empresa registrada en , con sede en . Al acceder y utilizar este sitio web, usted acepta cumplir\" \/>\n<meta name=\"robots\" content=\"index, follow, max-snippet:-1, max-image-preview:large, max-video-preview:-1\" \/>\n<link rel=\"canonical\" href=\"https:\/\/fiveinfinitum.com\/es\/informacion-legal\/\" \/>\n<meta property=\"og:locale\" content=\"es_ES\" \/>\n<meta property=\"og:type\" content=\"article\" \/>\n<meta property=\"og:title\" content=\"FiveInfinitum | Informaci\u00f3n legal\" \/>\n<meta property=\"og:description\" content=\"Informaci\u00f3n legal Aviso legal Five Infinitum es una empresa registrada en , con sede en . Al acceder y utilizar este sitio web, usted acepta cumplir\" \/>\n<meta property=\"og:url\" content=\"https:\/\/fiveinfinitum.com\/es\/informacion-legal\/\" \/>\n<meta property=\"og:site_name\" content=\"FiveInfinitum\" \/>\n<meta property=\"article:modified_time\" content=\"2025-04-16T09:49:30+00:00\" \/>\n<meta property=\"og:image\" content=\"https:\/\/fiveinfinitum.com\/wp-content\/uploads\/2025\/04\/Featured-FiveInfinitum.jpg\" \/>\n\t<meta property=\"og:image:width\" content=\"1000\" \/>\n\t<meta property=\"og:image:height\" content=\"1000\" \/>\n\t<meta property=\"og:image:type\" content=\"image\/jpeg\" \/>\n<meta name=\"twitter:card\" content=\"summary_large_image\" \/>\n<meta name=\"twitter:label1\" content=\"Tiempo de lectura\" \/>\n\t<meta name=\"twitter:data1\" content=\"1 minuto\" \/>\n<script type=\"application\/ld+json\" class=\"yoast-schema-graph\">{\"@context\":\"https:\\\/\\\/schema.org\",\"@graph\":[{\"@type\":\"WebPage\",\"@id\":\"https:\\\/\\\/fiveinfinitum.com\\\/es\\\/informacion-legal\\\/\",\"url\":\"https:\\\/\\\/fiveinfinitum.com\\\/es\\\/informacion-legal\\\/\",\"name\":\"FiveInfinitum | Informaci\u00f3n legal\",\"isPartOf\":{\"@id\":\"https:\\\/\\\/fiveinfinitum.com\\\/es\\\/#website\"},\"primaryImageOfPage\":{\"@id\":\"https:\\\/\\\/fiveinfinitum.com\\\/es\\\/informacion-legal\\\/#primaryimage\"},\"image\":{\"@id\":\"https:\\\/\\\/fiveinfinitum.com\\\/es\\\/informacion-legal\\\/#primaryimage\"},\"thumbnailUrl\":\"https:\\\/\\\/fiveinfinitum.com\\\/wp-content\\\/uploads\\\/2025\\\/04\\\/Featured-FiveInfinitum.jpg\",\"datePublished\":\"2025-04-03T12:53:10+00:00\",\"dateModified\":\"2025-04-16T09:49:30+00:00\",\"description\":\"Informaci\u00f3n legal Aviso legal Five Infinitum es una empresa registrada en , con sede en . Al acceder y utilizar este sitio web, usted acepta cumplir\",\"breadcrumb\":{\"@id\":\"https:\\\/\\\/fiveinfinitum.com\\\/es\\\/informacion-legal\\\/#breadcrumb\"},\"inLanguage\":\"es\",\"potentialAction\":[{\"@type\":\"ReadAction\",\"target\":[\"https:\\\/\\\/fiveinfinitum.com\\\/es\\\/informacion-legal\\\/\"]}]},{\"@type\":\"ImageObject\",\"inLanguage\":\"es\",\"@id\":\"https:\\\/\\\/fiveinfinitum.com\\\/es\\\/informacion-legal\\\/#primaryimage\",\"url\":\"https:\\\/\\\/fiveinfinitum.com\\\/wp-content\\\/uploads\\\/2025\\\/04\\\/Featured-FiveInfinitum.jpg\",\"contentUrl\":\"https:\\\/\\\/fiveinfinitum.com\\\/wp-content\\\/uploads\\\/2025\\\/04\\\/Featured-FiveInfinitum.jpg\",\"width\":1000,\"height\":1000},{\"@type\":\"BreadcrumbList\",\"@id\":\"https:\\\/\\\/fiveinfinitum.com\\\/es\\\/informacion-legal\\\/#breadcrumb\",\"itemListElement\":[{\"@type\":\"ListItem\",\"position\":1,\"name\":\"Home\",\"item\":\"https:\\\/\\\/fiveinfinitum.com\\\/es\\\/\"},{\"@type\":\"ListItem\",\"position\":2,\"name\":\"Informaci\u00f3n legal\"}]},{\"@type\":\"WebSite\",\"@id\":\"https:\\\/\\\/fiveinfinitum.com\\\/es\\\/#website\",\"url\":\"https:\\\/\\\/fiveinfinitum.com\\\/es\\\/\",\"name\":\"Five Infinitum\",\"description\":\"\",\"publisher\":{\"@id\":\"https:\\\/\\\/fiveinfinitum.com\\\/es\\\/#organization\"},\"potentialAction\":[{\"@type\":\"SearchAction\",\"target\":{\"@type\":\"EntryPoint\",\"urlTemplate\":\"https:\\\/\\\/fiveinfinitum.com\\\/es\\\/?s={search_term_string}\"},\"query-input\":{\"@type\":\"PropertyValueSpecification\",\"valueRequired\":true,\"valueName\":\"search_term_string\"}}],\"inLanguage\":\"es\"},{\"@type\":\"Organization\",\"@id\":\"https:\\\/\\\/fiveinfinitum.com\\\/es\\\/#organization\",\"name\":\"Five Infinitum\",\"url\":\"https:\\\/\\\/fiveinfinitum.com\\\/es\\\/\",\"logo\":{\"@type\":\"ImageObject\",\"inLanguage\":\"es\",\"@id\":\"https:\\\/\\\/fiveinfinitum.com\\\/es\\\/#\\\/schema\\\/logo\\\/image\\\/\",\"url\":\"https:\\\/\\\/fiveinfinitum.com\\\/wp-content\\\/uploads\\\/2025\\\/03\\\/n_logo_white-1.svg\",\"contentUrl\":\"https:\\\/\\\/fiveinfinitum.com\\\/wp-content\\\/uploads\\\/2025\\\/03\\\/n_logo_white-1.svg\",\"width\":5642,\"height\":983,\"caption\":\"Five Infinitum\"},\"image\":{\"@id\":\"https:\\\/\\\/fiveinfinitum.com\\\/es\\\/#\\\/schema\\\/logo\\\/image\\\/\"},\"sameAs\":[\"https:\\\/\\\/www.linkedin.com\\\/company\\\/106621596\"]}]}<\/script>\n<!-- \/ Yoast SEO plugin. -->","yoast_head_json":{"title":"FiveInfinitum | Informaci\u00f3n legal","description":"Informaci\u00f3n legal Aviso legal Five Infinitum es una empresa registrada en , con sede en . Al acceder y utilizar este sitio web, usted acepta cumplir","robots":{"index":"index","follow":"follow","max-snippet":"max-snippet:-1","max-image-preview":"max-image-preview:large","max-video-preview":"max-video-preview:-1"},"canonical":"https:\/\/fiveinfinitum.com\/es\/informacion-legal\/","og_locale":"es_ES","og_type":"article","og_title":"FiveInfinitum | Informaci\u00f3n legal","og_description":"Informaci\u00f3n legal Aviso legal Five Infinitum es una empresa registrada en , con sede en . Al acceder y utilizar este sitio web, usted acepta cumplir","og_url":"https:\/\/fiveinfinitum.com\/es\/informacion-legal\/","og_site_name":"FiveInfinitum","article_modified_time":"2025-04-16T09:49:30+00:00","og_image":[{"width":1000,"height":1000,"url":"https:\/\/fiveinfinitum.com\/wp-content\/uploads\/2025\/04\/Featured-FiveInfinitum.jpg","type":"image\/jpeg"}],"twitter_card":"summary_large_image","twitter_misc":{"Tiempo de lectura":"1 minuto"},"schema":{"@context":"https:\/\/schema.org","@graph":[{"@type":"WebPage","@id":"https:\/\/fiveinfinitum.com\/es\/informacion-legal\/","url":"https:\/\/fiveinfinitum.com\/es\/informacion-legal\/","name":"FiveInfinitum | Informaci\u00f3n legal","isPartOf":{"@id":"https:\/\/fiveinfinitum.com\/es\/#website"},"primaryImageOfPage":{"@id":"https:\/\/fiveinfinitum.com\/es\/informacion-legal\/#primaryimage"},"image":{"@id":"https:\/\/fiveinfinitum.com\/es\/informacion-legal\/#primaryimage"},"thumbnailUrl":"https:\/\/fiveinfinitum.com\/wp-content\/uploads\/2025\/04\/Featured-FiveInfinitum.jpg","datePublished":"2025-04-03T12:53:10+00:00","dateModified":"2025-04-16T09:49:30+00:00","description":"Informaci\u00f3n legal Aviso legal Five Infinitum es una empresa registrada en , con sede en . Al acceder y utilizar este sitio web, usted acepta cumplir","breadcrumb":{"@id":"https:\/\/fiveinfinitum.com\/es\/informacion-legal\/#breadcrumb"},"inLanguage":"es","potentialAction":[{"@type":"ReadAction","target":["https:\/\/fiveinfinitum.com\/es\/informacion-legal\/"]}]},{"@type":"ImageObject","inLanguage":"es","@id":"https:\/\/fiveinfinitum.com\/es\/informacion-legal\/#primaryimage","url":"https:\/\/fiveinfinitum.com\/wp-content\/uploads\/2025\/04\/Featured-FiveInfinitum.jpg","contentUrl":"https:\/\/fiveinfinitum.com\/wp-content\/uploads\/2025\/04\/Featured-FiveInfinitum.jpg","width":1000,"height":1000},{"@type":"BreadcrumbList","@id":"https:\/\/fiveinfinitum.com\/es\/informacion-legal\/#breadcrumb","itemListElement":[{"@type":"ListItem","position":1,"name":"Home","item":"https:\/\/fiveinfinitum.com\/es\/"},{"@type":"ListItem","position":2,"name":"Informaci\u00f3n legal"}]},{"@type":"WebSite","@id":"https:\/\/fiveinfinitum.com\/es\/#website","url":"https:\/\/fiveinfinitum.com\/es\/","name":"Five Infinitum","description":"","publisher":{"@id":"https:\/\/fiveinfinitum.com\/es\/#organization"},"potentialAction":[{"@type":"SearchAction","target":{"@type":"EntryPoint","urlTemplate":"https:\/\/fiveinfinitum.com\/es\/?s={search_term_string}"},"query-input":{"@type":"PropertyValueSpecification","valueRequired":true,"valueName":"search_term_string"}}],"inLanguage":"es"},{"@type":"Organization","@id":"https:\/\/fiveinfinitum.com\/es\/#organization","name":"Five Infinitum","url":"https:\/\/fiveinfinitum.com\/es\/","logo":{"@type":"ImageObject","inLanguage":"es","@id":"https:\/\/fiveinfinitum.com\/es\/#\/schema\/logo\/image\/","url":"https:\/\/fiveinfinitum.com\/wp-content\/uploads\/2025\/03\/n_logo_white-1.svg","contentUrl":"https:\/\/fiveinfinitum.com\/wp-content\/uploads\/2025\/03\/n_logo_white-1.svg","width":5642,"height":983,"caption":"Five Infinitum"},"image":{"@id":"https:\/\/fiveinfinitum.com\/es\/#\/schema\/logo\/image\/"},"sameAs":["https:\/\/www.linkedin.com\/company\/106621596"]}]}},"_links":{"self":[{"href":"https:\/\/fiveinfinitum.com\/es\/wp-json\/wp\/v2\/pages\/4911","targetHints":{"allow":["GET"]}}],"collection":[{"href":"https:\/\/fiveinfinitum.com\/es\/wp-json\/wp\/v2\/pages"}],"about":[{"href":"https:\/\/fiveinfinitum.com\/es\/wp-json\/wp\/v2\/types\/page"}],"author":[{"embeddable":true,"href":"https:\/\/fiveinfinitum.com\/es\/wp-json\/wp\/v2\/users\/2"}],"replies":[{"embeddable":true,"href":"https:\/\/fiveinfinitum.com\/es\/wp-json\/wp\/v2\/comments?post=4911"}],"version-history":[{"count":0,"href":"https:\/\/fiveinfinitum.com\/es\/wp-json\/wp\/v2\/pages\/4911\/revisions"}],"wp:featuredmedia":[{"embeddable":true,"href":"https:\/\/fiveinfinitum.com\/es\/wp-json\/wp\/v2\/media\/4842"}],"wp:attachment":[{"href":"https:\/\/fiveinfinitum.com\/es\/wp-json\/wp\/v2\/media?parent=4911"}],"curies":[{"name":"wp","href":"https:\/\/api.w.org\/{rel}","templated":true}]}}